{"id":1647,"date":"2025-12-22T17:29:55","date_gmt":"2025-12-22T17:29:55","guid":{"rendered":"https:\/\/world-polymer.com\/hakkimizda\/"},"modified":"2026-03-28T13:24:38","modified_gmt":"2026-03-28T13:24:38","slug":"hakkimizda","status":"publish","type":"page","link":"https:\/\/world-polymer.com\/tr\/hakkimizda\/","title":{"rendered":"Hakk\u0131m\u0131zda"},"content":{"rendered":"\t\t<div data-elementor-type=\"wp-page\" data-elementor-id=\"1647\" class=\"elementor elementor-1647 elementor-338\" data-elementor-post-type=\"page\">\n\t\t\t\t\t\t<section class=\"elementor-section elementor-top-section elementor-element elementor-element-41bb4438 elementor-section-boxed elementor-section-height-default elementor-section-height-default\" data-id=\"41bb4438\" data-element_type=\"section\" data-e-type=\"section\" data-settings=\"{&quot;background_background&quot;:&quot;classic&quot;}\">\n\t\t\t\t\t\t\t<div class=\"elementor-background-overlay\"><\/div>\n\t\t\t\t\t\t\t<div class=\"elementor-container elementor-column-gap-no\">\n\t\t\t\t\t<div class=\"elementor-column elementor-col-100 elementor-top-column elementor-element elementor-element-77f502c7\" data-id=\"77f502c7\" data-element_type=\"column\" data-e-type=\"column\">\n\t\t\t<div class=\"elementor-widget-wrap elementor-element-populated\">\n\t\t\t\t\t\t<section class=\"elementor-section elementor-inner-section elementor-element elementor-element-117118c2 elementor-section-boxed elementor-section-height-default elementor-section-height-default\" data-id=\"117118c2\" data-element_type=\"section\" data-e-type=\"section\">\n\t\t\t\t\t\t<div class=\"elementor-container elementor-column-gap-default\">\n\t\t\t\t\t<div class=\"elementor-column elementor-col-100 elementor-inner-column elementor-element elementor-element-55f8ff96\" data-id=\"55f8ff96\" data-element_type=\"column\" data-e-type=\"column\">\n\t\t\t<div class=\"elementor-widget-wrap elementor-element-populated\">\n\t\t\t\t\t\t\t<\/div>\n\t\t<\/div>\n\t\t\t\t\t<\/div>\n\t\t<\/section>\n\t\t\t\t\t<\/div>\n\t\t<\/div>\n\t\t\t\t\t<\/div>\n\t\t<\/section>\n\t\t\t\t<section class=\"elementor-section elementor-top-section elementor-element elementor-element-5429539 elementor-section-content-middle elementor-section-boxed elementor-section-height-default elementor-section-height-default\" data-id=\"5429539\" data-element_type=\"section\" data-e-type=\"section\">\n\t\t\t\t\t\t<div class=\"elementor-container elementor-column-gap-default\">\n\t\t\t\t\t<div class=\"elementor-column elementor-col-50 elementor-top-column elementor-element elementor-element-15afd19\" data-id=\"15afd19\" data-element_type=\"column\" data-e-type=\"column\">\n\t\t\t<div class=\"elementor-widget-wrap elementor-element-populated\">\n\t\t\t\t\t\t<section class=\"elementor-section elementor-inner-section elementor-element elementor-element-fe0ac78 elementor-section-content-middle elementor-reverse-tablet elementor-reverse-mobile elementor-section-boxed elementor-section-height-default elementor-section-height-default\" data-id=\"fe0ac78\" data-element_type=\"section\" data-e-type=\"section\">\n\t\t\t\t\t\t<div class=\"elementor-container elementor-column-gap-default\">\n\t\t\t\t\t<div class=\"elementor-column elementor-col-100 elementor-inner-column elementor-element elementor-element-4226055\" data-id=\"4226055\" data-element_type=\"column\" data-e-type=\"column\">\n\t\t\t<div class=\"elementor-widget-wrap elementor-element-populated\">\n\t\t\t\t\t\t<div class=\"elementor-element elementor-element-2731812 elementor-widget elementor-widget-image\" data-id=\"2731812\" data-element_type=\"widget\" data-e-type=\"widget\" data-widget_type=\"image.default\">\n\t\t\t\t<div class=\"elementor-widget-container\">\n\t\t\t\t\t\t\t\t\t\t\t\t\t\t\t<img fetchpriority=\"high\" decoding=\"async\" width=\"1801\" height=\"1201\" src=\"https:\/\/world-polymer.com\/wp-content\/uploads\/2026\/02\/Food-Packaging-Line-Expansion-Upgrade-Project-1.jpg\" class=\"attachment-full size-full wp-image-1505\" alt=\"\" srcset=\"https:\/\/world-polymer.com\/wp-content\/uploads\/2026\/02\/Food-Packaging-Line-Expansion-Upgrade-Project-1.jpg 1801w, https:\/\/world-polymer.com\/wp-content\/uploads\/2026\/02\/Food-Packaging-Line-Expansion-Upgrade-Project-1-300x200.jpg 300w, https:\/\/world-polymer.com\/wp-content\/uploads\/2026\/02\/Food-Packaging-Line-Expansion-Upgrade-Project-1-1024x683.jpg 1024w, https:\/\/world-polymer.com\/wp-content\/uploads\/2026\/02\/Food-Packaging-Line-Expansion-Upgrade-Project-1-768x512.jpg 768w, https:\/\/world-polymer.com\/wp-content\/uploads\/2026\/02\/Food-Packaging-Line-Expansion-Upgrade-Project-1-1536x1024.jpg 1536w\" sizes=\"(max-width: 1801px) 100vw, 1801px\" \/>\t\t\t\t\t\t\t\t\t\t\t\t\t\t\t<\/div>\n\t\t\t\t<\/div>\n\t\t\t\t\t<\/div>\n\t\t<\/div>\n\t\t\t\t\t<\/div>\n\t\t<\/section>\n\t\t\t\t\t<\/div>\n\t\t<\/div>\n\t\t\t\t<div class=\"elementor-column elementor-col-50 elementor-top-column elementor-element elementor-element-90997e0\" data-id=\"90997e0\" data-element_type=\"column\" data-e-type=\"column\">\n\t\t\t<div class=\"elementor-widget-wrap elementor-element-populated\">\n\t\t\t\t\t\t<div class=\"elementor-element elementor-element-0ba610b elementor-widget elementor-widget-heading\" data-id=\"0ba610b\" data-element_type=\"widget\" data-e-type=\"widget\" data-widget_type=\"heading.default\">\n\t\t\t\t<div class=\"elementor-widget-container\">\n\t\t\t\t\t<h5 class=\"elementor-heading-title elementor-size-default\">World Polymer<\/h5>\t\t\t\t<\/div>\n\t\t\t\t<\/div>\n\t\t\t\t<div class=\"elementor-element elementor-element-2a9132d elementor-widget elementor-widget-heading\" data-id=\"2a9132d\" data-element_type=\"widget\" data-e-type=\"widget\" data-widget_type=\"heading.default\">\n\t\t\t\t<div class=\"elementor-widget-container\">\n\t\t\t\t\t<h2 class=\"elementor-heading-title elementor-size-default\">Hakk\u0131m\u0131zda<\/h2>\t\t\t\t<\/div>\n\t\t\t\t<\/div>\n\t\t\t\t<div class=\"elementor-element elementor-element-f32ec2a elementor-widget elementor-widget-text-editor\" data-id=\"f32ec2a\" data-element_type=\"widget\" data-e-type=\"widget\" data-widget_type=\"text-editor.default\">\n\t\t\t\t<div class=\"elementor-widget-container\">\n\t\t\t\t\t\t\t\t\t<p>En yeni IML g\u0131da ambalaj \u00e7\u00f6z\u00fcmlerini sergileyen World-Polymer ile 2026 Uluslararas\u0131 Fuarlar\u0131n\u0131n bir par\u00e7as\u0131 olun.<\/p>\t\t\t\t\t\t\t\t<\/div>\n\t\t\t\t<\/div>\n\t\t\t\t<div class=\"elementor-element elementor-element-81555bf elementor-widget elementor-widget-spacer\" data-id=\"81555bf\" data-element_type=\"widget\" data-e-type=\"widget\" data-widget_type=\"spacer.default\">\n\t\t\t\t<div class=\"elementor-widget-container\">\n\t\t\t\t\t\t\t<div class=\"elementor-spacer\">\n\t\t\t<div class=\"elementor-spacer-inner\"><\/div>\n\t\t<\/div>\n\t\t\t\t\t\t<\/div>\n\t\t\t\t<\/div>\n\t\t\t\t\t<\/div>\n\t\t<\/div>\n\t\t\t\t\t<\/div>\n\t\t<\/section>\n\t\t<div class=\"elementor-element elementor-element-42f6630 e-flex e-con-boxed e-con e-parent\" data-id=\"42f6630\" data-element_type=\"container\" data-e-type=\"container\" data-settings=\"{&quot;background_background&quot;:&quot;classic&quot;}\">\n\t\t\t\t\t<div class=\"e-con-inner\">\n\t\t<div class=\"elementor-element elementor-element-6936f87 e-con-full e-flex e-con e-child\" data-id=\"6936f87\" data-element_type=\"container\" data-e-type=\"container\">\n\t\t\t\t<div class=\"elementor-element elementor-element-30d8f01 elementor-widget elementor-widget-heading\" data-id=\"30d8f01\" data-element_type=\"widget\" data-e-type=\"widget\" data-widget_type=\"heading.default\">\n\t\t\t\t<div class=\"elementor-widget-container\">\n\t\t\t\t\t<h2 class=\"elementor-heading-title elementor-size-default\">\u00dcr\u00fcnlerimize G\u00f6z At\u0131n<\/h2>\t\t\t\t<\/div>\n\t\t\t\t<\/div>\n\t\t\t\t<div class=\"elementor-element elementor-element-317a459 elementor-widget elementor-widget-text-editor\" data-id=\"317a459\" data-element_type=\"widget\" data-e-type=\"widget\" data-widget_type=\"text-editor.default\">\n\t\t\t\t<div class=\"elementor-widget-container\">\n\t\t\t\t\t\t\t\t\t<p>World-Polymer&#8217;den, \u00fcr\u00fcnleri korumak ve marka sunumunu d\u00fcnya \u00e7ap\u0131nda geli\u015ftirmek i\u00e7in tasarlanm\u0131\u015f dayan\u0131kl\u0131, s\u00fcrd\u00fcr\u00fclebilir ve geri d\u00f6n\u00fc\u015ft\u00fcr\u00fclebilir kaplar sunan birinci s\u0131n\u0131f IML g\u0131da ambalajlar\u0131n\u0131 ke\u015ffedin.<\/p>\t\t\t\t\t\t\t\t<\/div>\n\t\t\t\t<\/div>\n\t\t\t\t<div class=\"elementor-element elementor-element-9d0e647 elementor-align-center elementor-widget elementor-widget-button\" data-id=\"9d0e647\" data-element_type=\"widget\" data-e-type=\"widget\" data-widget_type=\"button.default\">\n\t\t\t\t<div class=\"elementor-widget-container\">\n\t\t\t\t\t\t\t\t\t<div class=\"elementor-button-wrapper\">\n\t\t\t\t\t<a class=\"elementor-button elementor-button-link elementor-size-sm\" href=\"https:\/\/world-polymer.com\/tr\/urunler\/\">\n\t\t\t\t\t\t<span class=\"elementor-button-content-wrapper\">\n\t\t\t\t\t\t<span class=\"elementor-button-icon\">\n\t\t\t\t<i aria-hidden=\"true\" class=\"icon icon-arrow-right\"><\/i>\t\t\t<\/span>\n\t\t\t\t\t\t\t\t\t<span class=\"elementor-button-text\">\u015eimdi Al\u0131\u015fveri\u015f Yap\u0131n<\/span>\n\t\t\t\t\t<\/span>\n\t\t\t\t\t<\/a>\n\t\t\t\t<\/div>\n\t\t\t\t\t\t\t\t<\/div>\n\t\t\t\t<\/div>\n\t\t\t\t<\/div>\n\t\t\t\t\t<\/div>\n\t\t\t\t<\/div>\n\t\t\t\t<section class=\"elementor-section elementor-top-section elementor-element elementor-element-599501ac elementor-section-boxed elementor-section-height-default elementor-section-height-default\" data-id=\"599501ac\" data-element_type=\"section\" data-e-type=\"section\">\n\t\t\t\t\t\t<div class=\"elementor-container elementor-column-gap-no\">\n\t\t\t\t\t<div class=\"elementor-column elementor-col-100 elementor-top-column elementor-element elementor-element-7a0bd52f\" data-id=\"7a0bd52f\" data-element_type=\"column\" data-e-type=\"column\">\n\t\t\t<div class=\"elementor-widget-wrap elementor-element-populated\">\n\t\t\t\t\t\t<div class=\"elementor-element elementor-element-554dd777 elementor-widget elementor-widget-spacer\" data-id=\"554dd777\" data-element_type=\"widget\" data-e-type=\"widget\" data-widget_type=\"spacer.default\">\n\t\t\t\t<div class=\"elementor-widget-container\">\n\t\t\t\t\t\t\t<div class=\"elementor-spacer\">\n\t\t\t<div class=\"elementor-spacer-inner\"><\/div>\n\t\t<\/div>\n\t\t\t\t\t\t<\/div>\n\t\t\t\t<\/div>\n\t\t\t\t<section class=\"elementor-section elementor-inner-section elementor-element elementor-element-3ba3bea2 elementor-section-boxed elementor-section-height-default elementor-section-height-default\" data-id=\"3ba3bea2\" data-element_type=\"section\" data-e-type=\"section\" data-settings=\"{&quot;background_background&quot;:&quot;classic&quot;}\">\n\t\t\t\t\t\t<div class=\"elementor-container elementor-column-gap-default\">\n\t\t\t\t\t<div class=\"elementor-column elementor-col-33 elementor-inner-column elementor-element elementor-element-85f5a11\" data-id=\"85f5a11\" data-element_type=\"column\" data-e-type=\"column\">\n\t\t\t<div class=\"elementor-widget-wrap elementor-element-populated\">\n\t\t\t\t\t\t<div class=\"elementor-element elementor-element-2a5eebb2 ekit-equal-height-disable elementor-widget elementor-widget-elementskit-icon-box\" data-id=\"2a5eebb2\" data-element_type=\"widget\" data-e-type=\"widget\" data-widget_type=\"elementskit-icon-box.default\">\n\t\t\t\t<div class=\"elementor-widget-container\">\n\t\t\t\t\t<div class=\"ekit-wid-con\" >        <!-- link opening -->\n                <a href=\"#\" class=\"ekit_global_links\">\n                <!-- end link opening -->\n\n        <div class=\"elementskit-infobox text-center text- icon-top-align elementor-animation-   \">\n                    <div class=\"elementskit-box-header elementor-animation-\">\n                <div class=\"elementskit-info-box-icon  \">\n                    <i aria-hidden=\"true\" class=\"elementkit-infobox-icon icon icon-eye3\"><\/i>\n                <\/div>\n          <\/div>\n                        <div class=\"box-body\">\n                            <h4 class=\"elementskit-info-box-title\">\n                    Vizyon                <\/h4>\n                        \t\t  \t<p>\u00c7evresel s\u00fcrd\u00fcr\u00fclebilirlik \u00e7er\u00e7evesinde, paketlenmi\u015f g\u0131da \u00fcr\u00fcnlerini d\u00fcnyan\u0131n d\u00f6rt bir yan\u0131ndaki insanlara en hijyenik, \u00e7ekici ve g\u00fcvenli \u015fekilde sunmak.\n<\/p>\n                                <\/div>\n        \n        <div class=\"icon-hover\">\n            <i aria-hidden=\"true\" class=\"icon icon-eye3\"><\/i>        <\/div>\n\n        \n        \n                <\/div>\n                <\/a>\n        <\/div>\t\t\t\t<\/div>\n\t\t\t\t<\/div>\n\t\t\t\t\t<\/div>\n\t\t<\/div>\n\t\t\t\t<div class=\"elementor-column elementor-col-33 elementor-inner-column elementor-element elementor-element-4bd0e7bf\" data-id=\"4bd0e7bf\" data-element_type=\"column\" data-e-type=\"column\">\n\t\t\t<div class=\"elementor-widget-wrap elementor-element-populated\">\n\t\t\t\t\t\t<div class=\"elementor-element elementor-element-33cfcff1 ekit-equal-height-disable elementor-widget elementor-widget-elementskit-icon-box\" data-id=\"33cfcff1\" data-element_type=\"widget\" data-e-type=\"widget\" data-widget_type=\"elementskit-icon-box.default\">\n\t\t\t\t<div class=\"elementor-widget-container\">\n\t\t\t\t\t<div class=\"ekit-wid-con\" >        <!-- link opening -->\n                <a href=\"#\" class=\"ekit_global_links\">\n                <!-- end link opening -->\n\n        <div class=\"elementskit-infobox text-center text- icon-top-align elementor-animation-   \">\n                    <div class=\"elementskit-box-header elementor-animation-\">\n                <div class=\"elementskit-info-box-icon  \">\n                    <i aria-hidden=\"true\" class=\"elementkit-infobox-icon icon icon-graduation-hat\"><\/i>\n                <\/div>\n          <\/div>\n                        <div class=\"box-body\">\n                            <h4 class=\"elementskit-info-box-title\">\n                    Misyonumuz                <\/h4>\n                        \t\t  \t<p>M\u00fc\u015fterilerimize, yenilik\u00e7i, m\u00fc\u015fteri odakl\u0131 ve \u00e7evreye duyarl\u0131 bir yakla\u015f\u0131mla, rakipleri aras\u0131nda b\u00fcy\u00fck bir avantaj sa\u011flayacak g\u0131da ambalaj \u00e7\u00f6z\u00fcmleri sunmakt\u0131r.\n<\/p>\n                                <\/div>\n        \n        <div class=\"icon-hover\">\n            <i aria-hidden=\"true\" class=\"lnr lnr-graduation-hat\"><\/i>        <\/div>\n\n        \n        \n                <\/div>\n                <\/a>\n        <\/div>\t\t\t\t<\/div>\n\t\t\t\t<\/div>\n\t\t\t\t\t<\/div>\n\t\t<\/div>\n\t\t\t\t<div class=\"elementor-column elementor-col-33 elementor-inner-column elementor-element elementor-element-3ffa1c1\" data-id=\"3ffa1c1\" data-element_type=\"column\" data-e-type=\"column\">\n\t\t\t<div class=\"elementor-widget-wrap elementor-element-populated\">\n\t\t\t\t\t\t<div class=\"elementor-element elementor-element-58fc7f11 ekit-equal-height-disable elementor-widget elementor-widget-elementskit-icon-box\" data-id=\"58fc7f11\" data-element_type=\"widget\" data-e-type=\"widget\" data-widget_type=\"elementskit-icon-box.default\">\n\t\t\t\t<div class=\"elementor-widget-container\">\n\t\t\t\t\t<div class=\"ekit-wid-con\" >        <!-- link opening -->\n                <a href=\"#\" class=\"ekit_global_links\">\n                <!-- end link opening -->\n\n        <div class=\"elementskit-infobox text-center text- icon-top-align elementor-animation-   \">\n                    <div class=\"elementskit-box-header elementor-animation-\">\n                <div class=\"elementskit-info-box-icon  \">\n                    <i aria-hidden=\"true\" class=\"elementkit-infobox-icon icon icon-planet-earth\"><\/i>\n                <\/div>\n          <\/div>\n                        <div class=\"box-body\">\n                            <h4 class=\"elementskit-info-box-title\">\n                    De\u011ferler                <\/h4>\n                        \t\t  \t<p>\u2022 \u0130nsan Odakl\u0131 Olmak<br>\n\u2022 B\u00fct\u00fcnc\u00fcl Bir Kalite Yakla\u015f\u0131m\u0131 \u00c7er\u00e7evesinde \u00c7al\u0131\u015fmak<br>\n\u2022 K\u00fcresel D\u00fc\u015f\u00fcnmek<br>\n\u2022 \u00c7evreye Sayg\u0131l\u0131 Olmak<br><\/p>\n                                <\/div>\n        \n        <div class=\"icon-hover\">\n            <i aria-hidden=\"true\" class=\"icon icon-planet-earth\"><\/i>        <\/div>\n\n        \n        \n                <\/div>\n                <\/a>\n        <\/div>\t\t\t\t<\/div>\n\t\t\t\t<\/div>\n\t\t\t\t\t<\/div>\n\t\t<\/div>\n\t\t\t\t\t<\/div>\n\t\t<\/section>\n\t\t\t\t\t<\/div>\n\t\t<\/div>\n\t\t\t\t\t<\/div>\n\t\t<\/section>\n\t\t\t\t<\/div>\n\t\t","protected":false},"excerpt":{"rendered":"<p>World Polymer Hakk\u0131m\u0131zda En yeni IML g\u0131da ambalaj \u00e7\u00f6z\u00fcmlerini sergileyen World-Polymer ile 2026 Uluslararas\u0131 Fuarlar\u0131n\u0131n bir par\u00e7as\u0131 olun. \u00dcr\u00fcnlerimize G\u00f6z At\u0131n World-Polymer&#8217;den, \u00fcr\u00fcnleri korumak ve marka sunumunu d\u00fcnya \u00e7ap\u0131nda geli\u015ftirmek i\u00e7in tasarlanm\u0131\u015f dayan\u0131kl\u0131, s\u00fcrd\u00fcr\u00fclebilir ve geri d\u00f6n\u00fc\u015ft\u00fcr\u00fclebilir kaplar sunan birinci s\u0131n\u0131f IML g\u0131da ambalajlar\u0131n\u0131 ke\u015ffedin. \u015eimdi Al\u0131\u015fveri\u015f Yap\u0131n Vizyon \u00c7evresel s\u00fcrd\u00fcr\u00fclebilirlik \u00e7er\u00e7evesinde, paketlenmi\u015f g\u0131da \u00fcr\u00fcnlerini [&hellip;]<\/p>\n","protected":false},"author":1,"featured_media":0,"parent":0,"menu_order":0,"comment_status":"closed","ping_status":"closed","template":"elementor_header_footer","meta":{"footnotes":""},"class_list":["post-1647","page","type-page","status-publish","hentry"],"yoast_head":"<!-- This site is optimized with the Yoast SEO plugin v27.2 - https:\/\/yoast.com\/product\/yoast-seo-wordpress\/ -->\n<title>Hakk\u0131m\u0131zda - world-polymer<\/title>\n<meta name=\"description\" content=\"Be part of the 2026 International Exhibitions with World-Polymer, showcasing the latest innovations in IML food packaging solutions.\" \/>\n<meta name=\"robots\" content=\"index, follow, max-snippet:-1, max-image-preview:large, max-video-preview:-1\" \/>\n<link rel=\"canonical\" href=\"https:\/\/world-polymer.com\/tr\/hakkimizda\/\" \/>\n<meta property=\"og:locale\" content=\"tr_TR\" \/>\n<meta property=\"og:type\" content=\"article\" \/>\n<meta property=\"og:title\" content=\"Hakk\u0131m\u0131zda - world-polymer\" \/>\n<meta property=\"og:description\" content=\"Be part of the 2026 International Exhibitions with World-Polymer, showcasing the latest innovations in IML food packaging solutions.\" \/>\n<meta property=\"og:url\" content=\"https:\/\/world-polymer.com\/tr\/hakkimizda\/\" \/>\n<meta property=\"og:site_name\" content=\"world-polymer\" \/>\n<meta property=\"article:modified_time\" content=\"2026-03-28T13:24:38+00:00\" \/>\n<meta property=\"og:image\" content=\"https:\/\/world-polymer.com\/wp-content\/uploads\/2026\/02\/Food-Packaging-Line-Expansion-Upgrade-Project-1.jpg\" \/>\n\t<meta property=\"og:image:width\" content=\"1801\" \/>\n\t<meta property=\"og:image:height\" content=\"1201\" \/>\n\t<meta property=\"og:image:type\" content=\"image\/jpeg\" \/>\n<meta name=\"twitter:card\" content=\"summary_large_image\" \/>\n<meta name=\"twitter:label1\" content=\"Tahmini okuma s\u00fcresi\" \/>\n\t<meta name=\"twitter:data1\" content=\"1 dakika\" \/>\n<script type=\"application\/ld+json\" class=\"yoast-schema-graph\">{\"@context\":\"https:\/\/schema.org\",\"@graph\":[{\"@type\":\"WebPage\",\"@id\":\"https:\/\/world-polymer.com\/tr\/hakkimizda\/\",\"url\":\"https:\/\/world-polymer.com\/tr\/hakkimizda\/\",\"name\":\"Hakk\u0131m\u0131zda - world-polymer\",\"isPartOf\":{\"@id\":\"https:\/\/world-polymer.com\/#website\"},\"primaryImageOfPage\":{\"@id\":\"https:\/\/world-polymer.com\/tr\/hakkimizda\/#primaryimage\"},\"image\":{\"@id\":\"https:\/\/world-polymer.com\/tr\/hakkimizda\/#primaryimage\"},\"thumbnailUrl\":\"https:\/\/world-polymer.com\/wp-content\/uploads\/2026\/02\/Food-Packaging-Line-Expansion-Upgrade-Project-1.jpg\",\"datePublished\":\"2025-12-22T17:29:55+00:00\",\"dateModified\":\"2026-03-28T13:24:38+00:00\",\"description\":\"Be part of the 2026 International Exhibitions with World-Polymer, showcasing the latest innovations in IML food packaging solutions.\",\"breadcrumb\":{\"@id\":\"https:\/\/world-polymer.com\/tr\/hakkimizda\/#breadcrumb\"},\"inLanguage\":\"tr\",\"potentialAction\":[{\"@type\":\"ReadAction\",\"target\":[\"https:\/\/world-polymer.com\/tr\/hakkimizda\/\"]}]},{\"@type\":\"ImageObject\",\"inLanguage\":\"tr\",\"@id\":\"https:\/\/world-polymer.com\/tr\/hakkimizda\/#primaryimage\",\"url\":\"https:\/\/world-polymer.com\/wp-content\/uploads\/2026\/02\/Food-Packaging-Line-Expansion-Upgrade-Project-1.jpg\",\"contentUrl\":\"https:\/\/world-polymer.com\/wp-content\/uploads\/2026\/02\/Food-Packaging-Line-Expansion-Upgrade-Project-1.jpg\"},{\"@type\":\"BreadcrumbList\",\"@id\":\"https:\/\/world-polymer.com\/tr\/hakkimizda\/#breadcrumb\",\"itemListElement\":[{\"@type\":\"ListItem\",\"position\":1,\"name\":\"Home\",\"item\":\"https:\/\/world-polymer.com\/tr\/\"},{\"@type\":\"ListItem\",\"position\":2,\"name\":\"Hakk\u0131m\u0131zda\"}]},{\"@type\":\"WebSite\",\"@id\":\"https:\/\/world-polymer.com\/#website\",\"url\":\"https:\/\/world-polymer.com\/\",\"name\":\"world-polymer\",\"description\":\"\",\"publisher\":{\"@id\":\"https:\/\/world-polymer.com\/#organization\"},\"potentialAction\":[{\"@type\":\"SearchAction\",\"target\":{\"@type\":\"EntryPoint\",\"urlTemplate\":\"https:\/\/world-polymer.com\/?s={search_term_string}\"},\"query-input\":{\"@type\":\"PropertyValueSpecification\",\"valueRequired\":true,\"valueName\":\"search_term_string\"}}],\"inLanguage\":\"tr\"},{\"@type\":\"Organization\",\"@id\":\"https:\/\/world-polymer.com\/#organization\",\"name\":\"World Polymer\",\"url\":\"https:\/\/world-polymer.com\/\",\"logo\":{\"@type\":\"ImageObject\",\"inLanguage\":\"tr\",\"@id\":\"https:\/\/world-polymer.com\/#\/schema\/logo\/image\/\",\"url\":\"https:\/\/world-polymer.com\/wp-content\/uploads\/2026\/02\/cropped-FAV-ICON-21@3x-scaled-1.webp\",\"contentUrl\":\"https:\/\/world-polymer.com\/wp-content\/uploads\/2026\/02\/cropped-FAV-ICON-21@3x-scaled-1.webp\",\"width\":512,\"height\":512,\"caption\":\"World Polymer\"},\"image\":{\"@id\":\"https:\/\/world-polymer.com\/#\/schema\/logo\/image\/\"}}]}<\/script>\n<!-- \/ Yoast SEO plugin. -->","yoast_head_json":{"title":"Hakk\u0131m\u0131zda - world-polymer","description":"Be part of the 2026 International Exhibitions with World-Polymer, showcasing the latest innovations in IML food packaging solutions.","robots":{"index":"index","follow":"follow","max-snippet":"max-snippet:-1","max-image-preview":"max-image-preview:large","max-video-preview":"max-video-preview:-1"},"canonical":"https:\/\/world-polymer.com\/tr\/hakkimizda\/","og_locale":"tr_TR","og_type":"article","og_title":"Hakk\u0131m\u0131zda - world-polymer","og_description":"Be part of the 2026 International Exhibitions with World-Polymer, showcasing the latest innovations in IML food packaging solutions.","og_url":"https:\/\/world-polymer.com\/tr\/hakkimizda\/","og_site_name":"world-polymer","article_modified_time":"2026-03-28T13:24:38+00:00","og_image":[{"width":1801,"height":1201,"url":"https:\/\/world-polymer.com\/wp-content\/uploads\/2026\/02\/Food-Packaging-Line-Expansion-Upgrade-Project-1.jpg","type":"image\/jpeg"}],"twitter_card":"summary_large_image","twitter_misc":{"Tahmini okuma s\u00fcresi":"1 dakika"},"schema":{"@context":"https:\/\/schema.org","@graph":[{"@type":"WebPage","@id":"https:\/\/world-polymer.com\/tr\/hakkimizda\/","url":"https:\/\/world-polymer.com\/tr\/hakkimizda\/","name":"Hakk\u0131m\u0131zda - world-polymer","isPartOf":{"@id":"https:\/\/world-polymer.com\/#website"},"primaryImageOfPage":{"@id":"https:\/\/world-polymer.com\/tr\/hakkimizda\/#primaryimage"},"image":{"@id":"https:\/\/world-polymer.com\/tr\/hakkimizda\/#primaryimage"},"thumbnailUrl":"https:\/\/world-polymer.com\/wp-content\/uploads\/2026\/02\/Food-Packaging-Line-Expansion-Upgrade-Project-1.jpg","datePublished":"2025-12-22T17:29:55+00:00","dateModified":"2026-03-28T13:24:38+00:00","description":"Be part of the 2026 International Exhibitions with World-Polymer, showcasing the latest innovations in IML food packaging solutions.","breadcrumb":{"@id":"https:\/\/world-polymer.com\/tr\/hakkimizda\/#breadcrumb"},"inLanguage":"tr","potentialAction":[{"@type":"ReadAction","target":["https:\/\/world-polymer.com\/tr\/hakkimizda\/"]}]},{"@type":"ImageObject","inLanguage":"tr","@id":"https:\/\/world-polymer.com\/tr\/hakkimizda\/#primaryimage","url":"https:\/\/world-polymer.com\/wp-content\/uploads\/2026\/02\/Food-Packaging-Line-Expansion-Upgrade-Project-1.jpg","contentUrl":"https:\/\/world-polymer.com\/wp-content\/uploads\/2026\/02\/Food-Packaging-Line-Expansion-Upgrade-Project-1.jpg"},{"@type":"BreadcrumbList","@id":"https:\/\/world-polymer.com\/tr\/hakkimizda\/#breadcrumb","itemListElement":[{"@type":"ListItem","position":1,"name":"Home","item":"https:\/\/world-polymer.com\/tr\/"},{"@type":"ListItem","position":2,"name":"Hakk\u0131m\u0131zda"}]},{"@type":"WebSite","@id":"https:\/\/world-polymer.com\/#website","url":"https:\/\/world-polymer.com\/","name":"world-polymer","description":"","publisher":{"@id":"https:\/\/world-polymer.com\/#organization"},"potentialAction":[{"@type":"SearchAction","target":{"@type":"EntryPoint","urlTemplate":"https:\/\/world-polymer.com\/?s={search_term_string}"},"query-input":{"@type":"PropertyValueSpecification","valueRequired":true,"valueName":"search_term_string"}}],"inLanguage":"tr"},{"@type":"Organization","@id":"https:\/\/world-polymer.com\/#organization","name":"World Polymer","url":"https:\/\/world-polymer.com\/","logo":{"@type":"ImageObject","inLanguage":"tr","@id":"https:\/\/world-polymer.com\/#\/schema\/logo\/image\/","url":"https:\/\/world-polymer.com\/wp-content\/uploads\/2026\/02\/cropped-FAV-ICON-21@3x-scaled-1.webp","contentUrl":"https:\/\/world-polymer.com\/wp-content\/uploads\/2026\/02\/cropped-FAV-ICON-21@3x-scaled-1.webp","width":512,"height":512,"caption":"World Polymer"},"image":{"@id":"https:\/\/world-polymer.com\/#\/schema\/logo\/image\/"}}]}},"_links":{"self":[{"href":"https:\/\/world-polymer.com\/tr\/wp-json\/wp\/v2\/pages\/1647","targetHints":{"allow":["GET"]}}],"collection":[{"href":"https:\/\/world-polymer.com\/tr\/wp-json\/wp\/v2\/pages"}],"about":[{"href":"https:\/\/world-polymer.com\/tr\/wp-json\/wp\/v2\/types\/page"}],"author":[{"embeddable":true,"href":"https:\/\/world-polymer.com\/tr\/wp-json\/wp\/v2\/users\/1"}],"replies":[{"embeddable":true,"href":"https:\/\/world-polymer.com\/tr\/wp-json\/wp\/v2\/comments?post=1647"}],"version-history":[{"count":12,"href":"https:\/\/world-polymer.com\/tr\/wp-json\/wp\/v2\/pages\/1647\/revisions"}],"predecessor-version":[{"id":1704,"href":"https:\/\/world-polymer.com\/tr\/wp-json\/wp\/v2\/pages\/1647\/revisions\/1704"}],"wp:attachment":[{"href":"https:\/\/world-polymer.com\/tr\/wp-json\/wp\/v2\/media?parent=1647"}],"curies":[{"name":"wp","href":"https:\/\/api.w.org\/{rel}","templated":true}]}}