{"id":1723,"date":"2025-12-22T18:38:05","date_gmt":"2025-12-22T18:38:05","guid":{"rendered":"https:\/\/world-polymer.com\/bize-ulasin\/"},"modified":"2026-03-28T13:41:37","modified_gmt":"2026-03-28T13:41:37","slug":"bize-ulasin","status":"publish","type":"page","link":"https:\/\/world-polymer.com\/tr\/bize-ulasin\/","title":{"rendered":"Bize Ula\u015f\u0131n"},"content":{"rendered":"\t\t<div data-elementor-type=\"wp-page\" data-elementor-id=\"1723\" class=\"elementor elementor-1723 elementor-378\" data-elementor-post-type=\"page\">\n\t\t\t\t\t\t<section class=\"elementor-section elementor-top-section elementor-element elementor-element-62523ab elementor-section-boxed elementor-section-height-default elementor-section-height-default\" data-id=\"62523ab\" data-element_type=\"section\" data-e-type=\"section\" data-settings=\"{&quot;background_background&quot;:&quot;classic&quot;}\">\n\t\t\t\t\t\t\t<div class=\"elementor-background-overlay\"><\/div>\n\t\t\t\t\t\t\t<div class=\"elementor-container elementor-column-gap-no\">\n\t\t\t\t\t<div class=\"elementor-column elementor-col-100 elementor-top-column elementor-element elementor-element-2e72f30\" data-id=\"2e72f30\" data-element_type=\"column\" data-e-type=\"column\">\n\t\t\t<div class=\"elementor-widget-wrap elementor-element-populated\">\n\t\t\t\t\t\t<section class=\"elementor-section elementor-inner-section elementor-element elementor-element-d67d282 elementor-section-boxed elementor-section-height-default elementor-section-height-default\" data-id=\"d67d282\" data-element_type=\"section\" data-e-type=\"section\">\n\t\t\t\t\t\t<div class=\"elementor-container elementor-column-gap-default\">\n\t\t\t\t\t<div class=\"elementor-column elementor-col-100 elementor-inner-column elementor-element elementor-element-3aefc0f\" data-id=\"3aefc0f\" data-element_type=\"column\" data-e-type=\"column\">\n\t\t\t<div class=\"elementor-widget-wrap elementor-element-populated\">\n\t\t\t\t\t\t\t<\/div>\n\t\t<\/div>\n\t\t\t\t\t<\/div>\n\t\t<\/section>\n\t\t\t\t\t<\/div>\n\t\t<\/div>\n\t\t\t\t\t<\/div>\n\t\t<\/section>\n\t\t<div class=\"elementor-element elementor-element-53b2303 e-flex e-con-boxed e-con e-parent\" data-id=\"53b2303\" data-element_type=\"container\" data-e-type=\"container\" data-settings=\"{&quot;background_background&quot;:&quot;classic&quot;}\">\n\t\t\t\t\t<div class=\"e-con-inner\">\n\t\t<div class=\"elementor-element elementor-element-1adaac9 e-con-full e-flex e-con e-child\" data-id=\"1adaac9\" data-element_type=\"container\" data-e-type=\"container\">\n\t\t<div class=\"elementor-element elementor-element-5427fd1 e-con-full e-flex e-con e-child\" data-id=\"5427fd1\" data-element_type=\"container\" data-e-type=\"container\">\n\t\t<div class=\"elementor-element elementor-element-191ed34 e-con-full e-flex e-con e-child\" data-id=\"191ed34\" data-element_type=\"container\" data-e-type=\"container\">\n\t\t\t\t<div class=\"elementor-element elementor-element-431496b elementor-widget elementor-widget-heading\" data-id=\"431496b\" data-element_type=\"widget\" data-e-type=\"widget\" data-widget_type=\"heading.default\">\n\t\t\t\t<div class=\"elementor-widget-container\">\n\t\t\t\t\t<h5 class=\"elementor-heading-title elementor-size-default\">\u0130leti\u015fim Bilgileri\n<\/h5>\t\t\t\t<\/div>\n\t\t\t\t<\/div>\n\t\t\t\t<div class=\"elementor-element elementor-element-351b2bf elementor-widget elementor-widget-heading\" data-id=\"351b2bf\" data-element_type=\"widget\" data-e-type=\"widget\" data-widget_type=\"heading.default\">\n\t\t\t\t<div class=\"elementor-widget-container\">\n\t\t\t\t\t<h2 class=\"elementor-heading-title elementor-size-default\">\u0130leti\u015fim Bilgileri\n<\/h2>\t\t\t\t<\/div>\n\t\t\t\t<\/div>\n\t\t\t\t<div class=\"elementor-element elementor-element-5c06e4f elementor-widget elementor-widget-text-editor\" data-id=\"5c06e4f\" data-element_type=\"widget\" data-e-type=\"widget\" data-widget_type=\"text-editor.default\">\n\t\t\t\t<div class=\"elementor-widget-container\">\n\t\t\t\t\t\t\t\t\t<div id=\"comp-kuxq319p1\" class=\"Z_l5lU MMl86N zQ9jDz qvSjx3 Vq6kJx comp-kuxq319p1 wixui-rich-text\" data-testid=\"richTextElement\"><p class=\"font_7 wixui-rich-text__text\">Sizden haber almak isteriz! S\u00fcrd\u00fcr\u00fclebilir ambalaj \u00e7\u00f6z\u00fcmlerimiz hakk\u0131nda sorular\u0131n\u0131z varsa, deste\u011fe ihtiyac\u0131n\u0131z varsa veya i\u015f birli\u011fi f\u0131rsatlar\u0131n\u0131 ke\u015ffetmek istiyorsan\u0131z, World Polymer ekibi size yard\u0131mc\u0131 olmak i\u00e7in burada. Telefon, e-posta veya \u00e7evrimi\u00e7i formumuz arac\u0131l\u0131\u011f\u0131yla bize ula\u015f\u0131n, size en k\u0131sa s\u00fcrede geri d\u00f6nece\u011fiz. \u00c7evre dostu ambalaj \u00e7\u00f6z\u00fcmleri geli\u015ftirmeye ve sunmaya devam ederken geri bildirimleriniz ve sorular\u0131n\u0131z bizim i\u00e7in \u00f6nemlidir.<\/p><\/div>\t\t\t\t\t\t\t\t<\/div>\n\t\t\t\t<\/div>\n\t\t<div class=\"elementor-element elementor-element-dbab062 e-con-full e-flex e-con e-child\" data-id=\"dbab062\" data-element_type=\"container\" data-e-type=\"container\">\n\t\t\t\t<div class=\"elementor-element elementor-element-0a58aad elementor-shape-circle e-grid-align-left elementor-grid-0 elementor-widget elementor-widget-social-icons\" data-id=\"0a58aad\" data-element_type=\"widget\" data-e-type=\"widget\" data-widget_type=\"social-icons.default\">\n\t\t\t\t<div class=\"elementor-widget-container\">\n\t\t\t\t\t\t\t<div class=\"elementor-social-icons-wrapper elementor-grid\" role=\"list\">\n\t\t\t\t\t\t\t<span class=\"elementor-grid-item\" role=\"listitem\">\n\t\t\t\t\t<a class=\"elementor-icon elementor-social-icon elementor-social-icon-instagram elementor-repeater-item-d9e5810\" target=\"_blank\">\n\t\t\t\t\t\t<span class=\"elementor-screen-only\">Instagram<\/span>\n\t\t\t\t\t\t<i aria-hidden=\"true\" class=\"fab fa-instagram\"><\/i>\t\t\t\t\t<\/a>\n\t\t\t\t<\/span>\n\t\t\t\t\t\t\t<span class=\"elementor-grid-item\" role=\"listitem\">\n\t\t\t\t\t<a class=\"elementor-icon elementor-social-icon elementor-social-icon-facebook elementor-repeater-item-370f89b\" target=\"_blank\">\n\t\t\t\t\t\t<span class=\"elementor-screen-only\">Facebook<\/span>\n\t\t\t\t\t\t<i aria-hidden=\"true\" class=\"fab fa-facebook\"><\/i>\t\t\t\t\t<\/a>\n\t\t\t\t<\/span>\n\t\t\t\t\t\t\t<span class=\"elementor-grid-item\" role=\"listitem\">\n\t\t\t\t\t<a class=\"elementor-icon elementor-social-icon elementor-social-icon-youtube elementor-repeater-item-74e8093\" target=\"_blank\">\n\t\t\t\t\t\t<span class=\"elementor-screen-only\">Youtube<\/span>\n\t\t\t\t\t\t<i aria-hidden=\"true\" class=\"fab fa-youtube\"><\/i>\t\t\t\t\t<\/a>\n\t\t\t\t<\/span>\n\t\t\t\t\t<\/div>\n\t\t\t\t\t\t<\/div>\n\t\t\t\t<\/div>\n\t\t\t\t<div class=\"elementor-element elementor-element-d1a484c elementor-mobile-align-start elementor-icon-list--layout-traditional elementor-list-item-link-full_width elementor-widget elementor-widget-icon-list\" data-id=\"d1a484c\" data-element_type=\"widget\" data-e-type=\"widget\" data-widget_type=\"icon-list.default\">\n\t\t\t\t<div class=\"elementor-widget-container\">\n\t\t\t\t\t\t\t<ul class=\"elementor-icon-list-items\">\n\t\t\t\t\t\t\t<li class=\"elementor-icon-list-item\">\n\t\t\t\t\t\t\t\t\t\t\t<a href=\"tel:+2015%200000%201827\">\n\n\t\t\t\t\t\t\t\t\t\t\t\t<span class=\"elementor-icon-list-icon\">\n\t\t\t\t\t\t\t<i aria-hidden=\"true\" class=\"icon icon-phone-handset\"><\/i>\t\t\t\t\t\t<\/span>\n\t\t\t\t\t\t\t\t\t\t<span class=\"elementor-icon-list-text\">015 0000 1827<\/span>\n\t\t\t\t\t\t\t\t\t\t\t<\/a>\n\t\t\t\t\t\t\t\t\t<\/li>\n\t\t\t\t\t\t\t\t<li class=\"elementor-icon-list-item\">\n\t\t\t\t\t\t\t\t\t\t\t<a href=\"mailto:info@world-polymer.com\">\n\n\t\t\t\t\t\t\t\t\t\t\t\t<span class=\"elementor-icon-list-icon\">\n\t\t\t\t\t\t\t<i aria-hidden=\"true\" class=\"icon icon-envelope1\"><\/i>\t\t\t\t\t\t<\/span>\n\t\t\t\t\t\t\t\t\t\t<span class=\"elementor-icon-list-text\">info@world-polymer.com<\/span>\n\t\t\t\t\t\t\t\t\t\t\t<\/a>\n\t\t\t\t\t\t\t\t\t<\/li>\n\t\t\t\t\t\t<\/ul>\n\t\t\t\t\t\t<\/div>\n\t\t\t\t<\/div>\n\t\t\t\t<\/div>\n\t\t\t\t<\/div>\n\t\t<div class=\"elementor-element elementor-element-b9294e6 e-con-full e-flex e-con e-child\" data-id=\"b9294e6\" data-element_type=\"container\" data-e-type=\"container\" data-settings=\"{&quot;background_background&quot;:&quot;classic&quot;}\">\n\t\t\t\t<div class=\"elementor-element elementor-element-f7703c1 elementor-tablet-button-align-center elementor-button-align-stretch elementor-widget elementor-widget-form\" data-id=\"f7703c1\" data-element_type=\"widget\" data-e-type=\"widget\" data-settings=\"{&quot;step_next_label&quot;:&quot;Next&quot;,&quot;step_previous_label&quot;:&quot;Previous&quot;,&quot;button_width_tablet&quot;:&quot;100&quot;,&quot;button_width&quot;:&quot;100&quot;,&quot;step_type&quot;:&quot;number_text&quot;,&quot;step_icon_shape&quot;:&quot;circle&quot;}\" data-widget_type=\"form.default\">\n\t\t\t\t<div class=\"elementor-widget-container\">\n\t\t\t\t\t\t\t<form class=\"elementor-form\" method=\"post\" name=\"New Form\" aria-label=\"New Form\">\n\t\t\t<input type=\"hidden\" name=\"post_id\" value=\"1723\"\/>\n\t\t\t<input type=\"hidden\" name=\"form_id\" value=\"f7703c1\"\/>\n\t\t\t<input type=\"hidden\" name=\"referer_title\" value=\"Bize Ula\u015f\u0131n - world-polymer\" \/>\n\n\t\t\t\t\t\t\t<input type=\"hidden\" name=\"queried_id\" value=\"1723\"\/>\n\t\t\t\n\t\t\t<div class=\"elementor-form-fields-wrapper elementor-labels-above\">\n\t\t\t\t\t\t\t\t<div class=\"elementor-field-type-text elementor-field-group elementor-column elementor-field-group-name elementor-col-100 elementor-md-50\">\n\t\t\t\t\t\t\t\t\t\t\t\t\t<input size=\"1\" type=\"text\" name=\"form_fields[name]\" id=\"form-field-name\" class=\"elementor-field elementor-size-sm  elementor-field-textual\" placeholder=\"Ad Soyad\">\n\t\t\t\t\t\t\t\t\t\t\t<\/div>\n\t\t\t\t\t\t\t\t<div class=\"elementor-field-type-number elementor-field-group elementor-column elementor-field-group-field_9987dfa elementor-col-100 elementor-md-50\">\n\t\t\t\t\t\t\t\t<input type=\"number\" name=\"form_fields[field_9987dfa]\" id=\"form-field-field_9987dfa\" class=\"elementor-field elementor-size-sm  elementor-field-textual\" placeholder=\"Telefon Numaras\u0131\" min=\"\" max=\"\" >\n\t\t\t\t\t\t<\/div>\n\t\t\t\t\t\t\t\t<div class=\"elementor-field-type-email elementor-field-group elementor-column elementor-field-group-email elementor-col-100 elementor-md-50 elementor-field-required\">\n\t\t\t\t\t\t\t\t\t\t\t\t\t<input size=\"1\" type=\"email\" name=\"form_fields[email]\" id=\"form-field-email\" class=\"elementor-field elementor-size-sm  elementor-field-textual\" placeholder=\"E-posta Adresi\" required=\"required\">\n\t\t\t\t\t\t\t\t\t\t\t<\/div>\n\t\t\t\t\t\t\t\t<div class=\"elementor-field-type-text elementor-field-group elementor-column elementor-field-group-message elementor-col-100 elementor-md-50\">\n\t\t\t\t\t\t\t\t\t\t\t\t\t<input size=\"1\" type=\"text\" name=\"form_fields[message]\" id=\"form-field-message\" class=\"elementor-field elementor-size-sm  elementor-field-textual\" placeholder=\"\u00dclke\">\n\t\t\t\t\t\t\t\t\t\t\t<\/div>\n\t\t\t\t\t\t\t\t<div class=\"elementor-field-group elementor-column elementor-field-type-submit elementor-col-100 e-form__buttons elementor-md-100\">\n\t\t\t\t\t<button class=\"elementor-button elementor-size-sm\" type=\"submit\">\n\t\t\t\t\t\t<span class=\"elementor-button-content-wrapper\">\n\t\t\t\t\t\t\t\t\t\t\t\t\t\t\t<span class=\"elementor-button-icon\">\n\t\t\t\t\t\t\t\t\t<i aria-hidden=\"true\" class=\"icon icon-arrow-right\"><\/i>\t\t\t\t\t\t\t\t\t\t\t\t\t\t\t\t\t<\/span>\n\t\t\t\t\t\t\t\t\t\t\t\t\t\t\t\t\t\t\t\t\t\t<span class=\"elementor-button-text\">\u015eimdi G\u00f6nder<\/span>\n\t\t\t\t\t\t\t\t\t\t\t\t\t<\/span>\n\t\t\t\t\t<\/button>\n\t\t\t\t<\/div>\n\t\t\t<\/div>\n\t\t<\/form>\n\t\t\t\t\t\t<\/div>\n\t\t\t\t<\/div>\n\t\t\t\t<\/div>\n\t\t\t\t<\/div>\n\t\t\t\t<\/div>\n\t\t\t\t\t<\/div>\n\t\t\t\t<\/div>\n\t\t<div class=\"elementor-element elementor-element-44699779 e-con-full e-flex e-con e-parent\" data-id=\"44699779\" data-element_type=\"container\" data-e-type=\"container\">\n\t\t\t\t<div class=\"elementor-element elementor-element-5f26d819 elementor-widget elementor-widget-google_maps\" data-id=\"5f26d819\" data-element_type=\"widget\" data-e-type=\"widget\" data-widget_type=\"google_maps.default\">\n\t\t\t\t<div class=\"elementor-widget-container\">\n\t\t\t\t\t\t\t<div class=\"elementor-custom-embed\">\n\t\t\t<iframe loading=\"lazy\"\n\t\t\t\t\tsrc=\"https:\/\/maps.google.com\/maps?q=Extension%2C%206th%20of%20October%20City%20%282%29%2C%20Giza%20Governorate%2012566&#038;t=m&#038;z=10&#038;output=embed&#038;iwloc=near\"\n\t\t\t\t\ttitle=\"Extension, 6th of October City (2), Giza Governorate 12566\"\n\t\t\t\t\taria-label=\"Extension, 6th of October City (2), Giza Governorate 12566\"\n\t\t\t><\/iframe>\n\t\t<\/div>\n\t\t\t\t\t\t<\/div>\n\t\t\t\t<\/div>\n\t\t\t\t<\/div>\n\t\t\t\t<\/div>\n\t\t","protected":false},"excerpt":{"rendered":"<p>\u0130leti\u015fim Bilgileri \u0130leti\u015fim Bilgileri Sizden haber almak isteriz! S\u00fcrd\u00fcr\u00fclebilir ambalaj \u00e7\u00f6z\u00fcmlerimiz hakk\u0131nda sorular\u0131n\u0131z varsa, deste\u011fe ihtiyac\u0131n\u0131z varsa veya i\u015f birli\u011fi f\u0131rsatlar\u0131n\u0131 ke\u015ffetmek istiyorsan\u0131z, World Polymer ekibi size yard\u0131mc\u0131 olmak i\u00e7in burada. Telefon, e-posta veya \u00e7evrimi\u00e7i formumuz arac\u0131l\u0131\u011f\u0131yla bize ula\u015f\u0131n, size en k\u0131sa s\u00fcrede geri d\u00f6nece\u011fiz. \u00c7evre dostu ambalaj \u00e7\u00f6z\u00fcmleri geli\u015ftirmeye ve sunmaya devam ederken geri [&hellip;]<\/p>\n","protected":false},"author":1,"featured_media":0,"parent":0,"menu_order":0,"comment_status":"closed","ping_status":"closed","template":"elementor_header_footer","meta":{"footnotes":""},"class_list":["post-1723","page","type-page","status-publish","hentry"],"yoast_head":"<!-- This site is optimized with the Yoast SEO plugin v27.2 - https:\/\/yoast.com\/product\/yoast-seo-wordpress\/ -->\n<title>Bize Ula\u015f\u0131n - world-polymer<\/title>\n<meta name=\"description\" content=\"Be part of the 2026 International Exhibitions with World-Polymer, showcasing the latest innovations in IML food packaging solutions.\" \/>\n<meta name=\"robots\" content=\"index, follow, max-snippet:-1, max-image-preview:large, max-video-preview:-1\" \/>\n<link rel=\"canonical\" href=\"https:\/\/world-polymer.com\/tr\/bize-ulasin\/\" \/>\n<meta property=\"og:locale\" content=\"tr_TR\" \/>\n<meta property=\"og:type\" content=\"article\" \/>\n<meta property=\"og:title\" content=\"Bize Ula\u015f\u0131n - world-polymer\" \/>\n<meta property=\"og:description\" content=\"Be part of the 2026 International Exhibitions with World-Polymer, showcasing the latest innovations in IML food packaging solutions.\" \/>\n<meta property=\"og:url\" content=\"https:\/\/world-polymer.com\/tr\/bize-ulasin\/\" \/>\n<meta property=\"og:site_name\" content=\"world-polymer\" \/>\n<meta property=\"article:modified_time\" content=\"2026-03-28T13:41:37+00:00\" \/>\n<meta name=\"twitter:card\" content=\"summary_large_image\" \/>\n<meta name=\"twitter:label1\" content=\"Tahmini okuma s\u00fcresi\" \/>\n\t<meta name=\"twitter:data1\" content=\"1 dakika\" \/>\n<script type=\"application\/ld+json\" class=\"yoast-schema-graph\">{\"@context\":\"https:\/\/schema.org\",\"@graph\":[{\"@type\":\"WebPage\",\"@id\":\"https:\/\/world-polymer.com\/tr\/bize-ulasin\/\",\"url\":\"https:\/\/world-polymer.com\/tr\/bize-ulasin\/\",\"name\":\"Bize Ula\u015f\u0131n - world-polymer\",\"isPartOf\":{\"@id\":\"https:\/\/world-polymer.com\/#website\"},\"datePublished\":\"2025-12-22T18:38:05+00:00\",\"dateModified\":\"2026-03-28T13:41:37+00:00\",\"description\":\"Be part of the 2026 International Exhibitions with World-Polymer, showcasing the latest innovations in IML food packaging solutions.\",\"breadcrumb\":{\"@id\":\"https:\/\/world-polymer.com\/tr\/bize-ulasin\/#breadcrumb\"},\"inLanguage\":\"tr\",\"potentialAction\":[{\"@type\":\"ReadAction\",\"target\":[\"https:\/\/world-polymer.com\/tr\/bize-ulasin\/\"]}]},{\"@type\":\"BreadcrumbList\",\"@id\":\"https:\/\/world-polymer.com\/tr\/bize-ulasin\/#breadcrumb\",\"itemListElement\":[{\"@type\":\"ListItem\",\"position\":1,\"name\":\"Home\",\"item\":\"https:\/\/world-polymer.com\/tr\/\"},{\"@type\":\"ListItem\",\"position\":2,\"name\":\"Bize Ula\u015f\u0131n\"}]},{\"@type\":\"WebSite\",\"@id\":\"https:\/\/world-polymer.com\/#website\",\"url\":\"https:\/\/world-polymer.com\/\",\"name\":\"world-polymer\",\"description\":\"\",\"publisher\":{\"@id\":\"https:\/\/world-polymer.com\/#organization\"},\"potentialAction\":[{\"@type\":\"SearchAction\",\"target\":{\"@type\":\"EntryPoint\",\"urlTemplate\":\"https:\/\/world-polymer.com\/?s={search_term_string}\"},\"query-input\":{\"@type\":\"PropertyValueSpecification\",\"valueRequired\":true,\"valueName\":\"search_term_string\"}}],\"inLanguage\":\"tr\"},{\"@type\":\"Organization\",\"@id\":\"https:\/\/world-polymer.com\/#organization\",\"name\":\"World Polymer\",\"url\":\"https:\/\/world-polymer.com\/\",\"logo\":{\"@type\":\"ImageObject\",\"inLanguage\":\"tr\",\"@id\":\"https:\/\/world-polymer.com\/#\/schema\/logo\/image\/\",\"url\":\"https:\/\/world-polymer.com\/wp-content\/uploads\/2026\/02\/cropped-FAV-ICON-21@3x-scaled-1.webp\",\"contentUrl\":\"https:\/\/world-polymer.com\/wp-content\/uploads\/2026\/02\/cropped-FAV-ICON-21@3x-scaled-1.webp\",\"width\":512,\"height\":512,\"caption\":\"World Polymer\"},\"image\":{\"@id\":\"https:\/\/world-polymer.com\/#\/schema\/logo\/image\/\"}}]}<\/script>\n<!-- \/ Yoast SEO plugin. -->","yoast_head_json":{"title":"Bize Ula\u015f\u0131n - world-polymer","description":"Be part of the 2026 International Exhibitions with World-Polymer, showcasing the latest innovations in IML food packaging solutions.","robots":{"index":"index","follow":"follow","max-snippet":"max-snippet:-1","max-image-preview":"max-image-preview:large","max-video-preview":"max-video-preview:-1"},"canonical":"https:\/\/world-polymer.com\/tr\/bize-ulasin\/","og_locale":"tr_TR","og_type":"article","og_title":"Bize Ula\u015f\u0131n - world-polymer","og_description":"Be part of the 2026 International Exhibitions with World-Polymer, showcasing the latest innovations in IML food packaging solutions.","og_url":"https:\/\/world-polymer.com\/tr\/bize-ulasin\/","og_site_name":"world-polymer","article_modified_time":"2026-03-28T13:41:37+00:00","twitter_card":"summary_large_image","twitter_misc":{"Tahmini okuma s\u00fcresi":"1 dakika"},"schema":{"@context":"https:\/\/schema.org","@graph":[{"@type":"WebPage","@id":"https:\/\/world-polymer.com\/tr\/bize-ulasin\/","url":"https:\/\/world-polymer.com\/tr\/bize-ulasin\/","name":"Bize Ula\u015f\u0131n - world-polymer","isPartOf":{"@id":"https:\/\/world-polymer.com\/#website"},"datePublished":"2025-12-22T18:38:05+00:00","dateModified":"2026-03-28T13:41:37+00:00","description":"Be part of the 2026 International Exhibitions with World-Polymer, showcasing the latest innovations in IML food packaging solutions.","breadcrumb":{"@id":"https:\/\/world-polymer.com\/tr\/bize-ulasin\/#breadcrumb"},"inLanguage":"tr","potentialAction":[{"@type":"ReadAction","target":["https:\/\/world-polymer.com\/tr\/bize-ulasin\/"]}]},{"@type":"BreadcrumbList","@id":"https:\/\/world-polymer.com\/tr\/bize-ulasin\/#breadcrumb","itemListElement":[{"@type":"ListItem","position":1,"name":"Home","item":"https:\/\/world-polymer.com\/tr\/"},{"@type":"ListItem","position":2,"name":"Bize Ula\u015f\u0131n"}]},{"@type":"WebSite","@id":"https:\/\/world-polymer.com\/#website","url":"https:\/\/world-polymer.com\/","name":"world-polymer","description":"","publisher":{"@id":"https:\/\/world-polymer.com\/#organization"},"potentialAction":[{"@type":"SearchAction","target":{"@type":"EntryPoint","urlTemplate":"https:\/\/world-polymer.com\/?s={search_term_string}"},"query-input":{"@type":"PropertyValueSpecification","valueRequired":true,"valueName":"search_term_string"}}],"inLanguage":"tr"},{"@type":"Organization","@id":"https:\/\/world-polymer.com\/#organization","name":"World Polymer","url":"https:\/\/world-polymer.com\/","logo":{"@type":"ImageObject","inLanguage":"tr","@id":"https:\/\/world-polymer.com\/#\/schema\/logo\/image\/","url":"https:\/\/world-polymer.com\/wp-content\/uploads\/2026\/02\/cropped-FAV-ICON-21@3x-scaled-1.webp","contentUrl":"https:\/\/world-polymer.com\/wp-content\/uploads\/2026\/02\/cropped-FAV-ICON-21@3x-scaled-1.webp","width":512,"height":512,"caption":"World Polymer"},"image":{"@id":"https:\/\/world-polymer.com\/#\/schema\/logo\/image\/"}}]}},"_links":{"self":[{"href":"https:\/\/world-polymer.com\/tr\/wp-json\/wp\/v2\/pages\/1723","targetHints":{"allow":["GET"]}}],"collection":[{"href":"https:\/\/world-polymer.com\/tr\/wp-json\/wp\/v2\/pages"}],"about":[{"href":"https:\/\/world-polymer.com\/tr\/wp-json\/wp\/v2\/types\/page"}],"author":[{"embeddable":true,"href":"https:\/\/world-polymer.com\/tr\/wp-json\/wp\/v2\/users\/1"}],"replies":[{"embeddable":true,"href":"https:\/\/world-polymer.com\/tr\/wp-json\/wp\/v2\/comments?post=1723"}],"version-history":[{"count":3,"href":"https:\/\/world-polymer.com\/tr\/wp-json\/wp\/v2\/pages\/1723\/revisions"}],"predecessor-version":[{"id":1726,"href":"https:\/\/world-polymer.com\/tr\/wp-json\/wp\/v2\/pages\/1723\/revisions\/1726"}],"wp:attachment":[{"href":"https:\/\/world-polymer.com\/tr\/wp-json\/wp\/v2\/media?parent=1723"}],"curies":[{"name":"wp","href":"https:\/\/api.w.org\/{rel}","templated":true}]}}